{"id":205,"date":"2019-12-11T14:11:14","date_gmt":"2019-12-11T14:11:14","guid":{"rendered":"https:\/\/nefele.dev\/blog\/?page_id=205"},"modified":"2020-08-19T18:42:29","modified_gmt":"2020-08-19T18:42:29","slug":"colabora","status":"publish","type":"page","link":"https:\/\/nefele.dev\/blog\/colabora\/","title":{"rendered":"Colabora"},"content":{"rendered":"<p>Nefele 4 Harbour Es un proyecto totalmente gratuito y libre de uso, pero necesitamos\u00a0 tu ayuda para poder llevarlo a cabo.<\/p>\n<p>&nbsp;<\/p>\n<p>Si quieres aportar una colaboraci\u00f3n econ\u00f3mica, puedes hacerlo de 3 formas diferentes:<\/p>\n<ul>\n<li style=\"list-style-type: none;\">\n<ul>\n<li>Donando la cantidad que t\u00fa elijas a trav\u00e9s del bot\u00f3n \u00abdonar\u00bb que encontrar\u00e1s en las p\u00e1ginas nuestro foro y en nuestro blog<\/li>\n<\/ul>\n<\/li>\n<\/ul>\n<p>&nbsp;<\/p>\n<ul>\n<li style=\"list-style-type: none;\">\n<ul>\n<li>A trav\u00e9s de un banner de patrocinador con un enlace a la p\u00e1gina web que nos indiques, que aparecer\u00e1 al menos en uno de nuestras web ( p\u00e1gina principal, foro, blog y wiki ) durante todo un a\u00f1o<sup>*<\/sup><\/li>\n<\/ul>\n<\/li>\n<\/ul>\n<p>&nbsp;<\/p>\n<ul>\n<li>A trav\u00e9s de un banner publicitario con un enlace a la p\u00e1gina web que nos indiques, que aparecer\u00e1 al menos en la cabecera de una de nuestras web (foro, blog y wiki) durante tres meses<sup>**<\/sup><\/li>\n<\/ul>\n<p>&nbsp;<\/p>\n<h3>Si quieres colaborar con nosotros, rellena el siguiente formulario<\/h3>\n<div role=\"form\" class=\"wpcf7\" id=\"wpcf7-f203-o1\" lang=\"es-ES\" dir=\"ltr\">\n<div class=\"screen-reader-response\"><p role=\"status\" aria-live=\"polite\" aria-atomic=\"true\"><\/p> <ul><\/ul><\/div>\n<form action=\"\/blog\/wp-json\/wp\/v2\/pages\/205#wpcf7-f203-o1\" method=\"post\" class=\"wpcf7-form init\" enctype=\"multipart\/form-data\" novalidate=\"novalidate\" data-status=\"init\">\n<div style=\"display: none;\">\n<input type=\"hidden\" name=\"_wpcf7\" value=\"203\" \/>\n<input type=\"hidden\" name=\"_wpcf7_version\" value=\"5.5.3\" \/>\n<input type=\"hidden\" name=\"_wpcf7_locale\" value=\"es_ES\" \/>\n<input type=\"hidden\" name=\"_wpcf7_unit_tag\" value=\"wpcf7-f203-o1\" \/>\n<input type=\"hidden\" name=\"_wpcf7_container_post\" value=\"0\" \/>\n<input type=\"hidden\" name=\"_wpcf7_posted_data_hash\" value=\"\" \/>\n<input type=\"hidden\" name=\"_wpcf7cf_hidden_group_fields\" value=\"\" \/>\n<input type=\"hidden\" name=\"_wpcf7cf_hidden_groups\" value=\"\" \/>\n<input type=\"hidden\" name=\"_wpcf7cf_visible_groups\" value=\"\" \/>\n<input type=\"hidden\" name=\"_wpcf7cf_repeaters\" value=\"[]\" \/>\n<input type=\"hidden\" name=\"_wpcf7cf_steps\" value=\"{}\" \/>\n<input type=\"hidden\" name=\"_wpcf7cf_options\" value=\"{&quot;form_id&quot;:203,&quot;conditions&quot;:[],&quot;settings&quot;:{&quot;animation&quot;:&quot;yes&quot;,&quot;animation_intime&quot;:200,&quot;animation_outtime&quot;:200,&quot;notice_dismissed&quot;:false}}\" \/>\n<input type=\"hidden\" name=\"_wpcf7_recaptcha_response\" value=\"\" \/>\n<\/div>\n<p><label> Tu nombre (requerido)<br \/>\n    <span class=\"wpcf7-form-control-wrap your-name\"><input type=\"text\" name=\"your-name\" value=\"\" size=\"40\" class=\"wpcf7-form-control wpcf7-text wpcf7-validates-as-required\" aria-required=\"true\" aria-invalid=\"false\" \/><\/span> <\/label><\/p>\n<p><label> Tu correo electr\u00f3nico (requerido)<br \/>\n    <span class=\"wpcf7-form-control-wrap your-email\"><input type=\"email\" name=\"your-email\" value=\"\" size=\"40\" class=\"wpcf7-form-control wpcf7-text wpcf7-email wpcf7-validates-as-required wpcf7-validates-as-email\" aria-required=\"true\" aria-invalid=\"false\" \/><\/span> <\/label><\/p>\n<p><br><br \/>\n<label> Quiero participar como  <\/label><br><\/p>\n<p><span class=\"wpcf7-form-control-wrap Patrocinador\"><span class=\"wpcf7-form-control wpcf7-checkbox wpcf7-exclusive-checkbox\"><span class=\"wpcf7-list-item first\"><input type=\"checkbox\" name=\"Patrocinador\" value=\"Patrocinador ( 15 Euros anuales )\" \/><span class=\"wpcf7-list-item-label\">Patrocinador ( 15 Euros anuales )<\/span><\/span><span class=\"wpcf7-list-item last\"><input type=\"checkbox\" name=\"Patrocinador\" value=\"Anunciante( 15 Euros trimestrales )\" \/><span class=\"wpcf7-list-item-label\">Anunciante( 15 Euros trimestrales )<\/span><\/span><\/span><\/span><br \/>\n<br><\/p>\n<p><br><br><br \/>\n<label> Url a publicar<br \/>\n<span class=\"wpcf7-form-control-wrap url-590\"><input type=\"url\" name=\"url-590\" value=\"\" size=\"40\" class=\"wpcf7-form-control wpcf7-text wpcf7-url wpcf7-validates-as-url\" aria-invalid=\"false\" \/><\/span> <\/label><br \/>\n<br><br><br \/>\n<label> Banner a publicar ( medidas: 500x90 pixels)<br \/>\n<span class=\"wpcf7-form-control-wrap file-236\"><input type=\"file\" name=\"file-236\" size=\"40\" class=\"wpcf7-form-control wpcf7-file\" accept=\".jpg,.jpeg,.png,.gif,.pdf,.doc,.docx,.ppt,.pptx,.odt,.avi,.ogg,.m4a,.mov,.mp3,.mp4,.mpg,.wav,.wmv\" aria-invalid=\"false\" \/><\/span> <\/label><br \/>\n<br><br><br \/>\n<label> Otra informaci\u00f3n de interes<br \/>\n    <span class=\"wpcf7-form-control-wrap your-message\"><textarea name=\"your-message\" cols=\"40\" rows=\"10\" class=\"wpcf7-form-control wpcf7-textarea\" aria-invalid=\"false\"><\/textarea><\/span> <\/label><\/p>\n<p><br><\/p>\n<div class=\"wpcf7-form-control-wrap\"><div data-sitekey=\"6LcKOccUAAAAACn1Zf6I9DnJEvR-L544d2bOIqPf\" class=\"wpcf7-form-control g-recaptcha wpcf7-recaptcha\"><\/div>\r\n<noscript>\r\n\t<div class=\"grecaptcha-noscript\">\r\n\t\t<iframe src=\"https:\/\/www.google.com\/recaptcha\/api\/fallback?k=6LcKOccUAAAAACn1Zf6I9DnJEvR-L544d2bOIqPf\" frameborder=\"0\" scrolling=\"no\" width=\"310\" height=\"430\">\r\n\t\t<\/iframe>\r\n\t\t<textarea name=\"g-recaptcha-response\" rows=\"3\" cols=\"40\" placeholder=\"Aqu\u00ed la respuesta de reCAPTCHA\">\r\n\t\t<\/textarea>\r\n\t<\/div>\r\n<\/noscript>\r\n<\/div>\n<p><input type=\"submit\" value=\"Enviar\" class=\"wpcf7-form-control has-spinner wpcf7-submit\" \/><\/p>\n<div class=\"wpcf7-response-output\" aria-hidden=\"true\"><\/div><\/form><\/div>\n<div style=\"font-family: monospace; font-size: 9px; margin-left: 20px;\">* &#8211; El orden de colocaci\u00f3n ser\u00e1 por estricto orden de llegada.<br \/>\n** &#8211; si hay varios anunciantes en el mismo periodo, los bannner pueden aparecer de forma rotatoria.<\/div>\n","protected":false},"excerpt":{"rendered":"<p>Nefele 4 Harbour Es un proyecto totalmente gratuito y libre de uso, pero necesitamos\u00a0 tu ayuda para poder llevarlo a cabo. &nbsp; Si quieres aportar una colaboraci\u00f3n econ\u00f3mica, puedes hacerlo de 3 formas diferentes: Donando&#8230;<\/p>\n","protected":false},"author":1,"featured_media":0,"parent":0,"menu_order":0,"comment_status":"closed","ping_status":"closed","template":"","meta":[],"yoast_head":"<!-- This site is optimized with the Yoast SEO plugin v17.8 - https:\/\/yoast.com\/wordpress\/plugins\/seo\/ -->\n<title>Colabora - Nefele 4 Harbour<\/title>\n<meta name=\"robots\" content=\"index, follow, max-snippet:-1, max-image-preview:large, max-video-preview:-1\" \/>\n<link rel=\"canonical\" href=\"https:\/\/nefele.dev\/blog\/colabora\/\" \/>\n<meta property=\"og:locale\" content=\"es_ES\" \/>\n<meta property=\"og:type\" content=\"article\" \/>\n<meta property=\"og:title\" content=\"Colabora - Nefele 4 Harbour\" \/>\n<meta property=\"og:description\" content=\"Nefele 4 Harbour Es un proyecto totalmente gratuito y libre de uso, pero necesitamos\u00a0 tu ayuda para poder llevarlo a cabo. &nbsp; Si quieres aportar una colaboraci\u00f3n econ\u00f3mica, puedes hacerlo de 3 formas diferentes: Donando...\" \/>\n<meta property=\"og:url\" content=\"https:\/\/nefele.dev\/blog\/colabora\/\" \/>\n<meta property=\"og:site_name\" content=\"Nefele 4 Harbour\" \/>\n<meta property=\"article:modified_time\" content=\"2020-08-19T18:42:29+00:00\" \/>\n<meta name=\"twitter:card\" content=\"summary_large_image\" \/>\n<meta name=\"twitter:label1\" content=\"Tiempo de lectura\" \/>\n\t<meta name=\"twitter:data1\" content=\"1 minuto\" \/>\n<script type=\"application\/ld+json\" class=\"yoast-schema-graph\">{\"@context\":\"https:\/\/schema.org\",\"@graph\":[{\"@type\":\"WebSite\",\"@id\":\"https:\/\/nefele.dev\/blog\/#website\",\"url\":\"https:\/\/nefele.dev\/blog\/\",\"name\":\"Nefele 4 Harbour\",\"description\":\"\",\"potentialAction\":[{\"@type\":\"SearchAction\",\"target\":{\"@type\":\"EntryPoint\",\"urlTemplate\":\"https:\/\/nefele.dev\/blog\/?s={search_term_string}\"},\"query-input\":\"required name=search_term_string\"}],\"inLanguage\":\"es\"},{\"@type\":\"WebPage\",\"@id\":\"https:\/\/nefele.dev\/blog\/colabora\/#webpage\",\"url\":\"https:\/\/nefele.dev\/blog\/colabora\/\",\"name\":\"Colabora - Nefele 4 Harbour\",\"isPartOf\":{\"@id\":\"https:\/\/nefele.dev\/blog\/#website\"},\"datePublished\":\"2019-12-11T14:11:14+00:00\",\"dateModified\":\"2020-08-19T18:42:29+00:00\",\"breadcrumb\":{\"@id\":\"https:\/\/nefele.dev\/blog\/colabora\/#breadcrumb\"},\"inLanguage\":\"es\",\"potentialAction\":[{\"@type\":\"ReadAction\",\"target\":[\"https:\/\/nefele.dev\/blog\/colabora\/\"]}]},{\"@type\":\"BreadcrumbList\",\"@id\":\"https:\/\/nefele.dev\/blog\/colabora\/#breadcrumb\",\"itemListElement\":[{\"@type\":\"ListItem\",\"position\":1,\"name\":\"Home\",\"item\":\"https:\/\/nefele.dev\/blog\/\"},{\"@type\":\"ListItem\",\"position\":2,\"name\":\"Colabora\"}]}]}<\/script>\n<!-- \/ Yoast SEO plugin. -->","yoast_head_json":{"title":"Colabora - Nefele 4 Harbour","robots":{"index":"index","follow":"follow","max-snippet":"max-snippet:-1","max-image-preview":"max-image-preview:large","max-video-preview":"max-video-preview:-1"},"canonical":"https:\/\/nefele.dev\/blog\/colabora\/","og_locale":"es_ES","og_type":"article","og_title":"Colabora - Nefele 4 Harbour","og_description":"Nefele 4 Harbour Es un proyecto totalmente gratuito y libre de uso, pero necesitamos\u00a0 tu ayuda para poder llevarlo a cabo. &nbsp; Si quieres aportar una colaboraci\u00f3n econ\u00f3mica, puedes hacerlo de 3 formas diferentes: Donando...","og_url":"https:\/\/nefele.dev\/blog\/colabora\/","og_site_name":"Nefele 4 Harbour","article_modified_time":"2020-08-19T18:42:29+00:00","twitter_card":"summary_large_image","twitter_misc":{"Tiempo de lectura":"1 minuto"},"schema":{"@context":"https:\/\/schema.org","@graph":[{"@type":"WebSite","@id":"https:\/\/nefele.dev\/blog\/#website","url":"https:\/\/nefele.dev\/blog\/","name":"Nefele 4 Harbour","description":"","potentialAction":[{"@type":"SearchAction","target":{"@type":"EntryPoint","urlTemplate":"https:\/\/nefele.dev\/blog\/?s={search_term_string}"},"query-input":"required name=search_term_string"}],"inLanguage":"es"},{"@type":"WebPage","@id":"https:\/\/nefele.dev\/blog\/colabora\/#webpage","url":"https:\/\/nefele.dev\/blog\/colabora\/","name":"Colabora - Nefele 4 Harbour","isPartOf":{"@id":"https:\/\/nefele.dev\/blog\/#website"},"datePublished":"2019-12-11T14:11:14+00:00","dateModified":"2020-08-19T18:42:29+00:00","breadcrumb":{"@id":"https:\/\/nefele.dev\/blog\/colabora\/#breadcrumb"},"inLanguage":"es","potentialAction":[{"@type":"ReadAction","target":["https:\/\/nefele.dev\/blog\/colabora\/"]}]},{"@type":"BreadcrumbList","@id":"https:\/\/nefele.dev\/blog\/colabora\/#breadcrumb","itemListElement":[{"@type":"ListItem","position":1,"name":"Home","item":"https:\/\/nefele.dev\/blog\/"},{"@type":"ListItem","position":2,"name":"Colabora"}]}]}},"_links":{"self":[{"href":"https:\/\/nefele.dev\/blog\/wp-json\/wp\/v2\/pages\/205"}],"collection":[{"href":"https:\/\/nefele.dev\/blog\/wp-json\/wp\/v2\/pages"}],"about":[{"href":"https:\/\/nefele.dev\/blog\/wp-json\/wp\/v2\/types\/page"}],"author":[{"embeddable":true,"href":"https:\/\/nefele.dev\/blog\/wp-json\/wp\/v2\/users\/1"}],"replies":[{"embeddable":true,"href":"https:\/\/nefele.dev\/blog\/wp-json\/wp\/v2\/comments?post=205"}],"version-history":[{"count":16,"href":"https:\/\/nefele.dev\/blog\/wp-json\/wp\/v2\/pages\/205\/revisions"}],"predecessor-version":[{"id":362,"href":"https:\/\/nefele.dev\/blog\/wp-json\/wp\/v2\/pages\/205\/revisions\/362"}],"wp:attachment":[{"href":"https:\/\/nefele.dev\/blog\/wp-json\/wp\/v2\/media?parent=205"}],"curies":[{"name":"wp","href":"https:\/\/api.w.org\/{rel}","templated":true}]}}