{"id":437,"date":"2020-09-03T11:36:38","date_gmt":"2020-09-03T11:36:38","guid":{"rendered":"https:\/\/nefele.dev\/blog\/?page_id=437"},"modified":"2020-10-30T15:44:11","modified_gmt":"2020-10-30T15:44:11","slug":"tienda","status":"publish","type":"page","link":"https:\/\/nefele.dev\/blog\/tienda\/","title":{"rendered":"Tienda"},"content":{"rendered":"<p style=\"text-align: center;\"><strong>En nuestra tienda tendr\u00e1s la posibilidad de contratar nuestros servicios de mantenimiento y consultor\u00eda, as\u00ed como la de comprar nuevos controles para N\u00e9fele, apuntarte a los curso de formaci\u00f3n, o colaborar en el desarrollo del proyecto a trav\u00e9s de Social Forge.<\/strong><\/p>\n<p>&nbsp;<\/p>\n<h2><strong>Social Forge:<\/strong><\/h2>\n<p>Realiza tu aportaci\u00f3n y colabora con el resto de usuarios a desbloquear objetivos para toda la comunidad<\/p>\n<ul>\n<li><strong>Cada 200\u20ac Donados<\/strong>: publicaci\u00f3n de una nueva versi\u00f3n de N\u00e9fele Free<\/li>\n<li><strong>Cada 400\u20ac Donados<\/strong>: publicaci\u00f3n de un nuevo control que pasar\u00e1 a formar parte de N\u00e9fele Free<\/li>\n<li><strong>Cada 500\u20ac Donados<\/strong>: Reuni\u00f3n virtual de 2 horas con los usuarios N\u00e9fele para resolver dudas y consultas.<\/li>\n<\/ul>\n<p> <a class=\"maxbutton-4 maxbutton maxbutton-socialforgee\" target=\"_blank\" rel=\"noopener\" href=\"https:\/\/nefele.dev\/tienda\/categoria-producto\/social-forge\/\"><span class='mb-text'>Donar desde Espa\u00f1a peninsular<\/span><\/a>  <a class=\"maxbutton-5 maxbutton maxbutton-msocialforge\" target=\"_blank\" rel=\"noopener\" href=\"https:\/\/nefele.dev\/shop\/categoria-producto\/social-forge\/\"><span class='mb-text'>Donar desde el resto del mundo<\/span><\/a><\/p>\n<p>&nbsp;<\/p>\n<h2><strong>Consultor\u00eda:\u00a0<\/strong><\/h2>\n<p>\u00bfNecesitas ayuda para empezar o desarrollar tu proyecto en N\u00e9fele?<br \/>\n\u00bfQuieres recibir soporte t\u00e9cnico personalizado o clases particulares?<br \/>\nCon nuestro servicio de consultor\u00eda tienes a tu disposici\u00f3n al equipo de desarrollo de N\u00e9fele para ayudarte en lo que necesites<br \/>\n<div id=\"footable_parent_451\"\n     class=\"footable_parent ninja_table_wrapper loading_ninja_table wp_table_data_press_parent semantic_ui \">\n                <table data-ninja_table_instance=\"ninja_table_instance_0\" data-footable_id=\"451\" data-filter-delay=\"500\" aria-label=\"Ninja Tables 451\"            id=\"footable_451\"\n           class=\" foo-table ninja_footable foo_table_451 ui table  nt_type_ajax_table selectable striped vertical_centered  footable-paging-right\">\n                <colgroup>\n                            <col class=\"ninja_column_0 \">\n                            <col class=\"ninja_column_1 \">\n                    <\/colgroup>\n            <\/table>\n    \n    \n    \n<\/div><\/p>\n<p><a class=\"maxbutton-4 maxbutton maxbutton-socialforgee\" target=\"_blank\" rel=\"noopener\" href=\"https:\/\/nefele.dev\/tienda\/categoria-producto\/consultoria\/\"><span class='mb-text'>Contratar desde Espa\u00f1a peninsular<\/span><\/a> <a class=\"maxbutton-5 maxbutton maxbutton-msocialforge\" target=\"_blank\" rel=\"noopener\" href=\"https:\/\/nefele.dev\/shop\/categoria-producto\/consultoria\/\"><span class='mb-text'>Contratar desde el resto del mundo<\/span><\/a> <\/p>\n<p>&nbsp;<\/p>\n<h2><strong>Mantenimientos:<\/strong><\/h2>\n<p>Por una m\u00f3dica cuota, recibe las \u00faltimas actualizaciones de N\u00e9fele y accede a servicios y descuentos exclusivos<br \/>\nDisponible a partir de Noviembre de 2020<\/p>\n<div id=\"footable_parent_339\"\n     class=\"footable_parent ninja_table_wrapper loading_ninja_table wp_table_data_press_parent semantic_ui \">\n                <table data-ninja_table_instance=\"ninja_table_instance_1\" data-footable_id=\"339\" data-filter-delay=\"500\" aria-label=\"Ninja Tables 339\"            id=\"footable_339\"\n           class=\" foo-table ninja_footable foo_table_339 ui table  nt_type_ajax_table celled hide_horizonal_borders vertical_centered  footable-paging-right ninja_table_search_disabled\">\n                <colgroup>\n                            <col class=\"ninja_column_0 \">\n                            <col class=\"ninja_column_1 \">\n                            <col class=\"ninja_column_2 \">\n                            <col class=\"ninja_column_3 \">\n                            <col class=\"ninja_column_4 \">\n                            <col class=\"ninja_column_5 \">\n                    <\/colgroup>\n            <\/table>\n    <style id=\"ninja_table_custom_css_339\" type=\"text\/css\">\n\n\n#footable_339 td.ninja_column_0 { text-align: left; }#footable_339 th.ninja_column_0 { text-align: left; }#footable_339 td.ninja_column_1 { text-align: center; }#footable_339 td.ninja_column_2 { text-align: center; }#footable_339 td.ninja_column_3 { text-align: center; }#footable_339 td.ninja_column_4 { text-align: center; }#footable_339 td.ninja_column_5 { text-align: center; }<\/style>\n\n    \n    \n<\/div>\n<p style=\"font-size: 12px;\">(1) &#8211; Permite la suscripci\u00f3n de hasta 3 personas de la misma empresa.<br \/>\n(2) &#8211; Solo para contrataci\u00f3n anual<br \/>\n(3) &#8211; M\u00e1ximo de un curso cada mes<br \/>\n(4) &#8211; A partir de que se libere el c\u00f3digo fuente<\/p>\n<p>&nbsp;<br \/>\n<a class=\"maxbutton-4 maxbutton maxbutton-socialforgee\" target=\"_blank\" rel=\"noopener\" href=\"https:\/\/nefele.dev\/tienda\/categoria-producto\/mantenimientos\/\"><span class='mb-text'>Contratar desde Espa\u00f1a peninsular<\/span><\/a> <a class=\"maxbutton-5 maxbutton maxbutton-msocialforge\" target=\"_blank\" rel=\"noopener\" href=\"https:\/\/nefele.dev\/shop\/categoria-producto\/mantenimientos\/\"><span class='mb-text'>Contratar desde el resto del mundo<\/span><\/a><br \/>\n&nbsp;<\/p>\n<p>&nbsp;<\/p>\n<h2><strong>Cursos:<\/strong><\/h2>\n<p>Formaci\u00f3n espec\u00edfica en N\u00e9fele a trav\u00e9s de clases v\u00eda Skype con aforo reducido<br \/>\n<div id=\"footable_parent_348\"\n     class=\"footable_parent ninja_table_wrapper loading_ninja_table wp_table_data_press_parent semantic_ui \">\n                <table data-ninja_table_instance=\"ninja_table_instance_2\" data-footable_id=\"348\" data-filter-delay=\"500\" aria-label=\"Ninja Tables 348\"            id=\"footable_348\"\n           class=\" foo-table ninja_footable foo_table_348 ui table  nt_type_ajax_table selectable striped vertical_centered  footable-paging-right\">\n                <colgroup>\n                            <col class=\"ninja_column_0 \">\n                            <col class=\"ninja_column_1 \">\n                            <col class=\"ninja_column_2 \">\n                            <col class=\"ninja_column_3 \">\n                            <col class=\"ninja_column_4 \">\n                    <\/colgroup>\n            <\/table>\n    <style id=\"ninja_table_custom_css_339\" type=\"text\/css\">\n\n\n#footable_339 td.ninja_column_0 { text-align: left; }#footable_339 th.ninja_column_0 { text-align: left; }#footable_339 td.ninja_column_1 { text-align: center; }#footable_339 td.ninja_column_2 { text-align: center; }#footable_339 td.ninja_column_3 { text-align: center; }#footable_339 td.ninja_column_4 { text-align: center; }#footable_339 td.ninja_column_5 { text-align: center; }<\/style>\n<style id=\"ninja_table_custom_css_348\" type=\"text\/css\">\n\n\n#footable_348 td.ninja_column_1 { text-align: center; }#footable_348 td.ninja_column_2 { text-align: center; }#footable_348 td.ninja_column_3 { text-align: right; }<\/style>\n\n    \n    \n<\/div><\/p>\n<p><a class=\"maxbutton-4 maxbutton maxbutton-socialforgee\" target=\"_blank\" rel=\"noopener\" href=\"https:\/\/nefele.dev\/tienda\/categoria-producto\/cursos\/\"><span class='mb-text'>Compar desde Espa\u00f1a peninsular<\/span><\/a> <a class=\"maxbutton-5 maxbutton maxbutton-msocialforge\" target=\"_blank\" rel=\"noopener\" href=\"https:\/\/nefele.dev\/shop\/categoria-producto\/cursos\/\"><span class='mb-text'>Comprar desde el resto del mundo<\/span><\/a><br \/>\n&nbsp;<br \/>\n&nbsp;<\/p>\n<h2><strong>Controles:<\/strong><\/h2>\n<p>Ponemos a tu disposici\u00f3n espectaculares controles listos para usar con N\u00e9fele<\/p>\n<div id=\"footable_parent_366\" class=\"footable_parent ninja_table_wrapper wp_table_data_press_parent semantic_ui\"><div id=\"footable_parent_366\"\n     class=\"footable_parent ninja_table_wrapper loading_ninja_table wp_table_data_press_parent semantic_ui \">\n                <table data-ninja_table_instance=\"ninja_table_instance_3\" data-footable_id=\"366\" data-filter-delay=\"500\" aria-label=\"Ninja Tables 366\"            id=\"footable_366\"\n           class=\" foo-table ninja_footable foo_table_366 ui table  nt_type_ajax_table selectable striped vertical_centered  footable-paging-right\">\n                <colgroup>\n                            <col class=\"ninja_column_0 \">\n                            <col class=\"ninja_column_1 \">\n                            <col class=\"ninja_column_2 \">\n                            <col class=\"ninja_column_3 \">\n                            <col class=\"ninja_column_4 \">\n                            <col class=\"ninja_column_5 \">\n                    <\/colgroup>\n            <\/table>\n    <style id=\"ninja_table_custom_css_339\" type=\"text\/css\">\n\n\n#footable_339 td.ninja_column_0 { text-align: left; }#footable_339 th.ninja_column_0 { text-align: left; }#footable_339 td.ninja_column_1 { text-align: center; }#footable_339 td.ninja_column_2 { text-align: center; }#footable_339 td.ninja_column_3 { text-align: center; }#footable_339 td.ninja_column_4 { text-align: center; }#footable_339 td.ninja_column_5 { text-align: center; }<\/style>\n<style id=\"ninja_table_custom_css_348\" type=\"text\/css\">\n\n\n#footable_348 td.ninja_column_1 { text-align: center; }#footable_348 td.ninja_column_2 { text-align: center; }#footable_348 td.ninja_column_3 { text-align: right; }<\/style>\n<style id=\"ninja_table_custom_css_366\" type=\"text\/css\">\n\n\n#footable_366 td.ninja_column_1 { text-align: right; }#footable_366 th.ninja_column_1 { text-align: right; }#footable_366 td.ninja_column_2 { text-align: right; }#footable_366 th.ninja_column_2 { text-align: right; }#footable_366 td.ninja_column_3 { text-align: right; }#footable_366 th.ninja_column_3 { text-align: right; }#footable_366 td.ninja_column_4 { text-align: right; }#footable_366 th.ninja_column_4 { text-align: right; }#footable_366 td.ninja_column_5 { text-align: center; }#footable_366 th.ninja_column_5 { text-align: center; }<\/style>\n\n    \n    \n<\/div><\/div>\n<p style=\"font-size: 12px;\"><strong>Opci\u00f3n A<\/strong> \u2013 El control ser\u00e1 donado a la comunidad y pasar\u00e1 a formar parte de la librer\u00eda N\u00e9fele Free (sin c\u00f3digo fuente)<br \/>\n<strong>Opci\u00f3n B<\/strong> \u2013 El control ser\u00e1 donado a la comunidad incluido el c\u00f3digo fuente y pasar\u00e1 a formar parte de N\u00e9fele Free. En los t\u00edtulos de cr\u00e9dito del c\u00f3digo fuente del control se incluir\u00e1 una entrada \u00abDonado por:\u00bb y el nombre y email o p\u00e1gina web de la persona que lo ha donado<br \/>\n<strong>Opci\u00f3n C<\/strong> \u2013 El control ser\u00e1 retirado de las opci\u00f3nes A y B y s\u00f3lo se podr\u00e1 acceder a \u00e9l a trav\u00e9s de la compra individual (incluye c\u00f3digo fuente)<br \/>\n<strong>Opci\u00f3n D<\/strong> \u2013 El control ser\u00e1 retirado de las opciones A y B y C\u00a0 y nadie m\u00e1s podr\u00e1 comprarlo (incluye c\u00f3digo fuente)<\/p>\n<p>&nbsp;<br \/>\n<a class=\"maxbutton-4 maxbutton maxbutton-socialforgee\" target=\"_blank\" rel=\"noopener\" href=\"https:\/\/nefele.dev\/tienda\/categoria-producto\/controles\/\"><span class='mb-text'>Compar desde Espa\u00f1a peninsular<\/span><\/a> <a class=\"maxbutton-5 maxbutton maxbutton-msocialforge\" target=\"_blank\" rel=\"noopener\" href=\"https:\/\/nefele.dev\/shop\/categoria-producto\/controles\/\"><span class='mb-text'>Comprar desde el resto del mundo<\/span><\/a> <\/p>\n<p>&nbsp;<br \/>\n&nbsp;<br \/>\nCualquier duda o consulta que tengas sobre nuestros productos, puede dej\u00e1rnola en los comentarios de esta p\u00e1gina<\/p>\n","protected":false},"excerpt":{"rendered":"<p>En nuestra tienda tendr\u00e1s la posibilidad de contratar nuestros servicios de mantenimiento y consultor\u00eda, as\u00ed como la de comprar nuevos controles para N\u00e9fele, apuntarte a los curso de formaci\u00f3n, o colaborar en el desarrollo del&#8230;<\/p>\n","protected":false},"author":1,"featured_media":0,"parent":0,"menu_order":0,"comment_status":"open","ping_status":"closed","template":"page-full.php","meta":[],"yoast_head":"<!-- This site is optimized with the Yoast SEO plugin v17.8 - https:\/\/yoast.com\/wordpress\/plugins\/seo\/ -->\n<title>Tienda - Nefele 4 Harbour<\/title>\n<meta name=\"robots\" content=\"index, follow, max-snippet:-1, max-image-preview:large, max-video-preview:-1\" \/>\n<link rel=\"canonical\" href=\"https:\/\/nefele.dev\/blog\/tienda\/\" \/>\n<meta property=\"og:locale\" content=\"es_ES\" \/>\n<meta property=\"og:type\" content=\"article\" \/>\n<meta property=\"og:title\" content=\"Tienda - Nefele 4 Harbour\" \/>\n<meta property=\"og:description\" content=\"En nuestra tienda tendr\u00e1s la posibilidad de contratar nuestros servicios de mantenimiento y consultor\u00eda, as\u00ed como la de comprar nuevos controles para N\u00e9fele, apuntarte a los curso de formaci\u00f3n, o colaborar en el desarrollo del...\" \/>\n<meta property=\"og:url\" content=\"https:\/\/nefele.dev\/blog\/tienda\/\" \/>\n<meta property=\"og:site_name\" content=\"Nefele 4 Harbour\" \/>\n<meta property=\"article:modified_time\" content=\"2020-10-30T15:44:11+00:00\" \/>\n<meta name=\"twitter:card\" content=\"summary_large_image\" \/>\n<meta name=\"twitter:label1\" content=\"Tiempo de lectura\" \/>\n\t<meta name=\"twitter:data1\" content=\"3 minutos\" \/>\n<script type=\"application\/ld+json\" class=\"yoast-schema-graph\">{\"@context\":\"https:\/\/schema.org\",\"@graph\":[{\"@type\":\"WebSite\",\"@id\":\"https:\/\/nefele.dev\/blog\/#website\",\"url\":\"https:\/\/nefele.dev\/blog\/\",\"name\":\"Nefele 4 Harbour\",\"description\":\"\",\"potentialAction\":[{\"@type\":\"SearchAction\",\"target\":{\"@type\":\"EntryPoint\",\"urlTemplate\":\"https:\/\/nefele.dev\/blog\/?s={search_term_string}\"},\"query-input\":\"required name=search_term_string\"}],\"inLanguage\":\"es\"},{\"@type\":\"WebPage\",\"@id\":\"https:\/\/nefele.dev\/blog\/tienda\/#webpage\",\"url\":\"https:\/\/nefele.dev\/blog\/tienda\/\",\"name\":\"Tienda - Nefele 4 Harbour\",\"isPartOf\":{\"@id\":\"https:\/\/nefele.dev\/blog\/#website\"},\"datePublished\":\"2020-09-03T11:36:38+00:00\",\"dateModified\":\"2020-10-30T15:44:11+00:00\",\"breadcrumb\":{\"@id\":\"https:\/\/nefele.dev\/blog\/tienda\/#breadcrumb\"},\"inLanguage\":\"es\",\"potentialAction\":[{\"@type\":\"ReadAction\",\"target\":[\"https:\/\/nefele.dev\/blog\/tienda\/\"]}]},{\"@type\":\"BreadcrumbList\",\"@id\":\"https:\/\/nefele.dev\/blog\/tienda\/#breadcrumb\",\"itemListElement\":[{\"@type\":\"ListItem\",\"position\":1,\"name\":\"Home\",\"item\":\"https:\/\/nefele.dev\/blog\/\"},{\"@type\":\"ListItem\",\"position\":2,\"name\":\"Tienda\"}]}]}<\/script>\n<!-- \/ Yoast SEO plugin. -->","yoast_head_json":{"title":"Tienda - Nefele 4 Harbour","robots":{"index":"index","follow":"follow","max-snippet":"max-snippet:-1","max-image-preview":"max-image-preview:large","max-video-preview":"max-video-preview:-1"},"canonical":"https:\/\/nefele.dev\/blog\/tienda\/","og_locale":"es_ES","og_type":"article","og_title":"Tienda - Nefele 4 Harbour","og_description":"En nuestra tienda tendr\u00e1s la posibilidad de contratar nuestros servicios de mantenimiento y consultor\u00eda, as\u00ed como la de comprar nuevos controles para N\u00e9fele, apuntarte a los curso de formaci\u00f3n, o colaborar en el desarrollo del...","og_url":"https:\/\/nefele.dev\/blog\/tienda\/","og_site_name":"Nefele 4 Harbour","article_modified_time":"2020-10-30T15:44:11+00:00","twitter_card":"summary_large_image","twitter_misc":{"Tiempo de lectura":"3 minutos"},"schema":{"@context":"https:\/\/schema.org","@graph":[{"@type":"WebSite","@id":"https:\/\/nefele.dev\/blog\/#website","url":"https:\/\/nefele.dev\/blog\/","name":"Nefele 4 Harbour","description":"","potentialAction":[{"@type":"SearchAction","target":{"@type":"EntryPoint","urlTemplate":"https:\/\/nefele.dev\/blog\/?s={search_term_string}"},"query-input":"required name=search_term_string"}],"inLanguage":"es"},{"@type":"WebPage","@id":"https:\/\/nefele.dev\/blog\/tienda\/#webpage","url":"https:\/\/nefele.dev\/blog\/tienda\/","name":"Tienda - Nefele 4 Harbour","isPartOf":{"@id":"https:\/\/nefele.dev\/blog\/#website"},"datePublished":"2020-09-03T11:36:38+00:00","dateModified":"2020-10-30T15:44:11+00:00","breadcrumb":{"@id":"https:\/\/nefele.dev\/blog\/tienda\/#breadcrumb"},"inLanguage":"es","potentialAction":[{"@type":"ReadAction","target":["https:\/\/nefele.dev\/blog\/tienda\/"]}]},{"@type":"BreadcrumbList","@id":"https:\/\/nefele.dev\/blog\/tienda\/#breadcrumb","itemListElement":[{"@type":"ListItem","position":1,"name":"Home","item":"https:\/\/nefele.dev\/blog\/"},{"@type":"ListItem","position":2,"name":"Tienda"}]}]}},"_links":{"self":[{"href":"https:\/\/nefele.dev\/blog\/wp-json\/wp\/v2\/pages\/437"}],"collection":[{"href":"https:\/\/nefele.dev\/blog\/wp-json\/wp\/v2\/pages"}],"about":[{"href":"https:\/\/nefele.dev\/blog\/wp-json\/wp\/v2\/types\/page"}],"author":[{"embeddable":true,"href":"https:\/\/nefele.dev\/blog\/wp-json\/wp\/v2\/users\/1"}],"replies":[{"embeddable":true,"href":"https:\/\/nefele.dev\/blog\/wp-json\/wp\/v2\/comments?post=437"}],"version-history":[{"count":27,"href":"https:\/\/nefele.dev\/blog\/wp-json\/wp\/v2\/pages\/437\/revisions"}],"predecessor-version":[{"id":618,"href":"https:\/\/nefele.dev\/blog\/wp-json\/wp\/v2\/pages\/437\/revisions\/618"}],"wp:attachment":[{"href":"https:\/\/nefele.dev\/blog\/wp-json\/wp\/v2\/media?parent=437"}],"curies":[{"name":"wp","href":"https:\/\/api.w.org\/{rel}","templated":true}]}}