{"id":634,"date":"2020-11-27T13:22:49","date_gmt":"2020-11-27T13:22:49","guid":{"rendered":"https:\/\/nefele.dev\/blog\/?page_id=634"},"modified":"2020-11-28T10:18:31","modified_gmt":"2020-11-28T10:18:31","slug":"donaciones","status":"publish","type":"page","link":"https:\/\/nefele.dev\/blog\/donaciones\/","title":{"rendered":"Colabora con N\u00e9fele Project"},"content":{"rendered":"<h2><strong>Social Forge:<\/strong><\/h2>\n<p>Tu aportaci\u00f3n\u00a0 se ir\u00e1 acumulando las aportaciones realizadas por el resto de usuarios y servir\u00e1 para desbloquear objetivos para toda la comunidad N\u00e9fele.<\/p>\n<ul>\n<li><strong>Cada 200\u20ac Donados<\/strong>: publicaci\u00f3n de una nueva versi\u00f3n de N\u00e9fele Free<\/li>\n<li><strong>Cada 400\u20ac Donados<\/strong>: publicaci\u00f3n de un nuevo control que pasar\u00e1 a formar parte de N\u00e9fele Free<\/li>\n<li><strong>Cada 500\u20ac Donados<\/strong>: Reuni\u00f3n virtual de 2 horas con los usuarios N\u00e9fele para resolver dudas y consultas.<\/li>\n<\/ul>\n<p><center><br \/>\n<a class=\"maxbutton-4 maxbutton maxbutton-socialforgee\" target=\"_blank\" rel=\"noopener\" href=\"https:\/\/nefele.dev\/tienda\/categoria-producto\/social-forge\/\"><span class='mb-text'>Donar desde Espa\u00f1a peninsular<\/span><\/a> <a class=\"maxbutton-5 maxbutton maxbutton-msocialforge\" target=\"_blank\" rel=\"noopener\" href=\"https:\/\/nefele.dev\/shop\/categoria-producto\/social-forge\/\"><span class='mb-text'>Donar desde el resto del mundo<\/span><\/a><\/center>&nbsp;<\/p>\n<h4 style=\"text-align: CENTER; font-weight: 800;\">Social Forge<\/h4>\n<div style=\"text-align: CENTER; font-size: 12PX; font-family: sans-serif; margin: 10PX;\">Proximo objetivo:<br \/>\nNueva versi\u00f3n N\u00e9fele community + <a href=\"https:\/\/samples.nefele.dev\/cgi-bin\/controles.exe?googleloc\" target=\"_blank\" rel=\"noopener noreferrer\"><u>Control Google Locator +<\/u><\/a><\/div>\n<div class=\"jcp_pp\"><div class=\"jcp_pp_title\"><\/div><div class=\"jcp_pp_meter\" title=\"Goal: 400\" ><div class=\"jcp_pp_prog\" title=\"210\" style=\"width:52%;\"><!--*--><\/div><div class=\"jcp_pp_new\"  style=\"width:0%;\"><!--*--><\/div><\/div><span class=\"jcp_pp_count\"><span class=\"jcp_pp_current\"> Recaudados: 210<\/span><span class=\"jcp_pp_prefix\">'00 \u20ac<\/span><span class=\"jcp_pp_separator\"> de <\/span><span class=\"jcp_pp_goal\">400<span class=\"jcp_pp_prefix\">'00 \u20ac<\/span><\/span><\/span><\/div>\n","protected":false},"excerpt":{"rendered":"<p>Social Forge: Tu aportaci\u00f3n\u00a0 se ir\u00e1 acumulando las aportaciones realizadas por el resto de usuarios y servir\u00e1 para desbloquear objetivos para toda la comunidad N\u00e9fele. Cada 200\u20ac Donados: publicaci\u00f3n de una nueva versi\u00f3n de N\u00e9fele&#8230;<\/p>\n","protected":false},"author":1,"featured_media":0,"parent":0,"menu_order":0,"comment_status":"closed","ping_status":"closed","template":"page-full.php","meta":[],"yoast_head":"<!-- This site is optimized with the Yoast SEO plugin v17.8 - https:\/\/yoast.com\/wordpress\/plugins\/seo\/ -->\n<title>Colabora con N\u00e9fele Project - Nefele 4 Harbour<\/title>\n<meta name=\"robots\" content=\"index, follow, max-snippet:-1, max-image-preview:large, max-video-preview:-1\" \/>\n<link rel=\"canonical\" href=\"https:\/\/nefele.dev\/blog\/donaciones\/\" \/>\n<meta property=\"og:locale\" content=\"es_ES\" \/>\n<meta property=\"og:type\" content=\"article\" \/>\n<meta property=\"og:title\" content=\"Colabora con N\u00e9fele Project - Nefele 4 Harbour\" \/>\n<meta property=\"og:description\" content=\"Social Forge: Tu aportaci\u00f3n\u00a0 se ir\u00e1 acumulando las aportaciones realizadas por el resto de usuarios y servir\u00e1 para desbloquear objetivos para toda la comunidad N\u00e9fele. Cada 200\u20ac Donados: publicaci\u00f3n de una nueva versi\u00f3n de N\u00e9fele...\" \/>\n<meta property=\"og:url\" content=\"https:\/\/nefele.dev\/blog\/donaciones\/\" \/>\n<meta property=\"og:site_name\" content=\"Nefele 4 Harbour\" \/>\n<meta property=\"article:modified_time\" content=\"2020-11-28T10:18:31+00:00\" \/>\n<meta name=\"twitter:card\" content=\"summary_large_image\" \/>\n<meta name=\"twitter:label1\" content=\"Tiempo de lectura\" \/>\n\t<meta name=\"twitter:data1\" content=\"1 minuto\" \/>\n<script type=\"application\/ld+json\" class=\"yoast-schema-graph\">{\"@context\":\"https:\/\/schema.org\",\"@graph\":[{\"@type\":\"WebSite\",\"@id\":\"https:\/\/nefele.dev\/blog\/#website\",\"url\":\"https:\/\/nefele.dev\/blog\/\",\"name\":\"Nefele 4 Harbour\",\"description\":\"\",\"potentialAction\":[{\"@type\":\"SearchAction\",\"target\":{\"@type\":\"EntryPoint\",\"urlTemplate\":\"https:\/\/nefele.dev\/blog\/?s={search_term_string}\"},\"query-input\":\"required name=search_term_string\"}],\"inLanguage\":\"es\"},{\"@type\":\"WebPage\",\"@id\":\"https:\/\/nefele.dev\/blog\/donaciones\/#webpage\",\"url\":\"https:\/\/nefele.dev\/blog\/donaciones\/\",\"name\":\"Colabora con N\\u00e9fele Project - Nefele 4 Harbour\",\"isPartOf\":{\"@id\":\"https:\/\/nefele.dev\/blog\/#website\"},\"datePublished\":\"2020-11-27T13:22:49+00:00\",\"dateModified\":\"2020-11-28T10:18:31+00:00\",\"breadcrumb\":{\"@id\":\"https:\/\/nefele.dev\/blog\/donaciones\/#breadcrumb\"},\"inLanguage\":\"es\",\"potentialAction\":[{\"@type\":\"ReadAction\",\"target\":[\"https:\/\/nefele.dev\/blog\/donaciones\/\"]}]},{\"@type\":\"BreadcrumbList\",\"@id\":\"https:\/\/nefele.dev\/blog\/donaciones\/#breadcrumb\",\"itemListElement\":[{\"@type\":\"ListItem\",\"position\":1,\"name\":\"Home\",\"item\":\"https:\/\/nefele.dev\/blog\/\"},{\"@type\":\"ListItem\",\"position\":2,\"name\":\"Colabora con N\\u00e9fele Project\"}]}]}<\/script>\n<!-- \/ Yoast SEO plugin. -->","yoast_head_json":{"title":"Colabora con N\u00e9fele Project - Nefele 4 Harbour","robots":{"index":"index","follow":"follow","max-snippet":"max-snippet:-1","max-image-preview":"max-image-preview:large","max-video-preview":"max-video-preview:-1"},"canonical":"https:\/\/nefele.dev\/blog\/donaciones\/","og_locale":"es_ES","og_type":"article","og_title":"Colabora con N\u00e9fele Project - Nefele 4 Harbour","og_description":"Social Forge: Tu aportaci\u00f3n\u00a0 se ir\u00e1 acumulando las aportaciones realizadas por el resto de usuarios y servir\u00e1 para desbloquear objetivos para toda la comunidad N\u00e9fele. Cada 200\u20ac Donados: publicaci\u00f3n de una nueva versi\u00f3n de N\u00e9fele...","og_url":"https:\/\/nefele.dev\/blog\/donaciones\/","og_site_name":"Nefele 4 Harbour","article_modified_time":"2020-11-28T10:18:31+00:00","twitter_card":"summary_large_image","twitter_misc":{"Tiempo de lectura":"1 minuto"},"schema":{"@context":"https:\/\/schema.org","@graph":[{"@type":"WebSite","@id":"https:\/\/nefele.dev\/blog\/#website","url":"https:\/\/nefele.dev\/blog\/","name":"Nefele 4 Harbour","description":"","potentialAction":[{"@type":"SearchAction","target":{"@type":"EntryPoint","urlTemplate":"https:\/\/nefele.dev\/blog\/?s={search_term_string}"},"query-input":"required name=search_term_string"}],"inLanguage":"es"},{"@type":"WebPage","@id":"https:\/\/nefele.dev\/blog\/donaciones\/#webpage","url":"https:\/\/nefele.dev\/blog\/donaciones\/","name":"Colabora con N\u00e9fele Project - Nefele 4 Harbour","isPartOf":{"@id":"https:\/\/nefele.dev\/blog\/#website"},"datePublished":"2020-11-27T13:22:49+00:00","dateModified":"2020-11-28T10:18:31+00:00","breadcrumb":{"@id":"https:\/\/nefele.dev\/blog\/donaciones\/#breadcrumb"},"inLanguage":"es","potentialAction":[{"@type":"ReadAction","target":["https:\/\/nefele.dev\/blog\/donaciones\/"]}]},{"@type":"BreadcrumbList","@id":"https:\/\/nefele.dev\/blog\/donaciones\/#breadcrumb","itemListElement":[{"@type":"ListItem","position":1,"name":"Home","item":"https:\/\/nefele.dev\/blog\/"},{"@type":"ListItem","position":2,"name":"Colabora con N\u00e9fele Project"}]}]}},"_links":{"self":[{"href":"https:\/\/nefele.dev\/blog\/wp-json\/wp\/v2\/pages\/634"}],"collection":[{"href":"https:\/\/nefele.dev\/blog\/wp-json\/wp\/v2\/pages"}],"about":[{"href":"https:\/\/nefele.dev\/blog\/wp-json\/wp\/v2\/types\/page"}],"author":[{"embeddable":true,"href":"https:\/\/nefele.dev\/blog\/wp-json\/wp\/v2\/users\/1"}],"replies":[{"embeddable":true,"href":"https:\/\/nefele.dev\/blog\/wp-json\/wp\/v2\/comments?post=634"}],"version-history":[{"count":5,"href":"https:\/\/nefele.dev\/blog\/wp-json\/wp\/v2\/pages\/634\/revisions"}],"predecessor-version":[{"id":640,"href":"https:\/\/nefele.dev\/blog\/wp-json\/wp\/v2\/pages\/634\/revisions\/640"}],"wp:attachment":[{"href":"https:\/\/nefele.dev\/blog\/wp-json\/wp\/v2\/media?parent=634"}],"curies":[{"name":"wp","href":"https:\/\/api.w.org\/{rel}","templated":true}]}}