{"id":275,"date":"2020-09-03T12:06:43","date_gmt":"2020-09-03T12:06:43","guid":{"rendered":"https:\/\/nefele.dev\/shop\/?post_type=product&#038;p=275"},"modified":"2020-10-19T13:45:07","modified_gmt":"2020-10-19T13:45:07","slug":"curso-basico-de-nefele","status":"publish","type":"product","link":"https:\/\/nefele.dev\/shop\/producto\/curso-basico-de-nefele\/","title":{"rendered":"Curso b\u00e1sico de N\u00e9fele (4 horas)"},"content":{"rendered":"<p><strong>PROXIMO CURSO:\u00a0<\/strong><\/p>\n<p><strong><br \/>\n<\/strong><strong>\u00a0 \u00a0 \u00a0 \u00a0 \u00a0Para la realizaci\u00f3n del curso se requerir\u00e1 un m\u00ednimo de 4 asistentes y un m\u00e1ximo de 8<\/strong><\/p>\n<p>Calcula tu zona horaria en: <a href=\"https:\/\/www.worldnetlogistics.com\/calculador-de-zonas-horarias\/?lang=es\" target=\"_blank\" rel=\"noopener noreferrer\">https:\/\/www.worldnetlogistics.com\/calculador-de-zonas-horarias\/?lang=es<\/a><\/p>\n<p>&nbsp;<\/p>\n<p>En este curso aprenderemos los conceptos b\u00e1sicos de la programaci\u00f3n en N\u00e9fele, as\u00ed como a utilizar N\u00e9fele Wizard para la instalaci\u00f3n r\u00e1pida de prototipos y N\u00e9fele console para la depuraci\u00f3n de c\u00f3digo. Al finalizar el curso,\u00a0 ser\u00e1s capaz de dise\u00f1ar y ejecutar un programa b\u00e1sico desarrollado en N\u00e9fele.<\/p>\n<p>&nbsp;<\/p>\n<p>El curso se realizara de forma online a trav\u00e9s de la plataforma Skype<\/p>\n<p>&nbsp;<\/p>\n<p id=\"fPqWsZL\">\n","protected":false},"excerpt":{"rendered":"<p>Curso de nivel b\u00e1sico en el que aprenderemos los fundamentos elementales de N\u00e9fele y crearemos nuestra primera aplicaci\u00f3n Web<\/p>\n","protected":false},"featured_media":276,"comment_status":"open","ping_status":"closed","template":"","meta":[],"_links":{"self":[{"href":"https:\/\/nefele.dev\/shop\/wp-json\/wp\/v2\/product\/275"}],"collection":[{"href":"https:\/\/nefele.dev\/shop\/wp-json\/wp\/v2\/product"}],"about":[{"href":"https:\/\/nefele.dev\/shop\/wp-json\/wp\/v2\/types\/product"}],"replies":[{"embeddable":true,"href":"https:\/\/nefele.dev\/shop\/wp-json\/wp\/v2\/comments?post=275"}],"wp:featuredmedia":[{"embeddable":true,"href":"https:\/\/nefele.dev\/shop\/wp-json\/wp\/v2\/media\/276"}],"wp:attachment":[{"href":"https:\/\/nefele.dev\/shop\/wp-json\/wp\/v2\/media?parent=275"}],"curies":[{"name":"wp","href":"https:\/\/api.w.org\/{rel}","templated":true}]}}