{"id":289,"date":"2020-09-11T10:18:34","date_gmt":"2020-09-11T10:18:34","guid":{"rendered":"https:\/\/nefele.dev\/shop\/?post_type=product&#038;p=289"},"modified":"2020-09-21T12:13:57","modified_gmt":"2020-09-21T12:13:57","slug":"button-up","status":"publish","type":"product","link":"https:\/\/nefele.dev\/shop\/producto\/button-up\/","title":{"rendered":"Button Up"},"content":{"rendered":"<p><iframe title=\"BtnUp\" width=\"500\" height=\"281\" src=\"https:\/\/www.youtube.com\/embed\/KdZSzlmf61o?feature=oembed\" frameborder=\"0\" allow=\"accelerometer; autoplay; clipboard-write; encrypted-media; gyroscope; picture-in-picture\" allowfullscreen><\/iframe><\/p>\n<p>&nbsp;<\/p>\n<p><img class=\"size-full wp-image-290 aligncenter\" src=\"https:\/\/nefele.dev\/tienda\/wp-content\/uploads\/2020\/09\/img_5f593aeb4baf5.png\" alt=\"\" \/><\/p>\n","protected":false},"excerpt":{"rendered":"<p>Nos permite a\u00f1adir un bot\u00f3n al pie de p\u00e1gina que al pulsarlo nos desplaza autom\u00e1ticamente al inicio de la misma<\/p>\n","protected":false},"featured_media":290,"comment_status":"open","ping_status":"closed","template":"","meta":[],"_links":{"self":[{"href":"https:\/\/nefele.dev\/shop\/wp-json\/wp\/v2\/product\/289"}],"collection":[{"href":"https:\/\/nefele.dev\/shop\/wp-json\/wp\/v2\/product"}],"about":[{"href":"https:\/\/nefele.dev\/shop\/wp-json\/wp\/v2\/types\/product"}],"replies":[{"embeddable":true,"href":"https:\/\/nefele.dev\/shop\/wp-json\/wp\/v2\/comments?post=289"}],"wp:featuredmedia":[{"embeddable":true,"href":"https:\/\/nefele.dev\/shop\/wp-json\/wp\/v2\/media\/290"}],"wp:attachment":[{"href":"https:\/\/nefele.dev\/shop\/wp-json\/wp\/v2\/media?parent=289"}],"curies":[{"name":"wp","href":"https:\/\/api.w.org\/{rel}","templated":true}]}}