{"id":320,"date":"2020-09-21T12:35:05","date_gmt":"2020-09-21T12:35:05","guid":{"rendered":"https:\/\/nefele.dev\/shop\/?post_type=product&#038;p=320"},"modified":"2020-11-24T09:58:03","modified_gmt":"2020-11-24T09:58:03","slug":"iniciacion-a-la-programacion-web-3-horas","status":"publish","type":"product","link":"https:\/\/nefele.dev\/shop\/producto\/iniciacion-a-la-programacion-web-3-horas\/","title":{"rendered":"Iniciaci\u00f3n a la programaci\u00f3n web (3 Horas)"},"content":{"rendered":"<p>&nbsp;<\/p>\n<p><strong>PROXIMO CURSO:\u00a0<\/strong><\/p>\n<p><strong>\u00a0 \u00a0 \u00a0 \u00a0 \u00a0ENTRE SEMANA: 7 Y 9 de Diciembre del 17:00 a 18:30 Hora peninsular espa\u00f1ola<\/strong><br \/>\n<strong>\u00a0 \u00a0 \u00a0 \u00a0 \u00a0FIN DE SEMANA: 12 de Diciembre de 16:00 a 19:00 Hora peninsular espa\u00f1ola<br \/>\n<\/strong><strong>\u00a0 \u00a0 \u00a0 \u00a0 \u00a0Para la realizaci\u00f3n del curso se requerir\u00e1 un m\u00ednimo de 6 asistentes y un m\u00e1ximo de 10<\/strong><\/p>\n<p>Calcula tu zona horaria en: <a href=\"https:\/\/www.worldnetlogistics.com\/calculador-de-zonas-horarias\/?lang=es\" target=\"_blank\" rel=\"noopener noreferrer\">https:\/\/www.worldnetlogistics.com\/calculador-de-zonas-horarias\/?lang=es<\/a><\/p>\n<p>En este curso aprenderemos qu\u00e9 son los programas CGI, la l\u00f3gica de su funcionamiento y c\u00f3mo interact\u00faan con el resto de\u00a0 componentes necesarios para que nuestra aplicaci\u00f3n web funcione correctamente.<\/p>\n<p>El curso se realizara de forma online a trav\u00e9s de la plataforma Skype<\/p>\n<p id=\"fPqWsZL\">\n","protected":false},"excerpt":{"rendered":"<p>Curso en el que aprenderemos los conceptos b\u00e1sicos necesarios para empezar a realizar aplicaciones web<\/p>\n","protected":false},"featured_media":323,"comment_status":"open","ping_status":"closed","template":"","meta":[],"_links":{"self":[{"href":"https:\/\/nefele.dev\/shop\/wp-json\/wp\/v2\/product\/320"}],"collection":[{"href":"https:\/\/nefele.dev\/shop\/wp-json\/wp\/v2\/product"}],"about":[{"href":"https:\/\/nefele.dev\/shop\/wp-json\/wp\/v2\/types\/product"}],"replies":[{"embeddable":true,"href":"https:\/\/nefele.dev\/shop\/wp-json\/wp\/v2\/comments?post=320"}],"wp:featuredmedia":[{"embeddable":true,"href":"https:\/\/nefele.dev\/shop\/wp-json\/wp\/v2\/media\/323"}],"wp:attachment":[{"href":"https:\/\/nefele.dev\/shop\/wp-json\/wp\/v2\/media?parent=320"}],"curies":[{"name":"wp","href":"https:\/\/api.w.org\/{rel}","templated":true}]}}