{"id":472,"date":"2024-04-21T10:42:17","date_gmt":"2024-04-21T10:42:17","guid":{"rendered":"https:\/\/nefele.dev\/shop\/?post_type=product&#038;p=472"},"modified":"2024-04-21T10:46:29","modified_gmt":"2024-04-21T10:46:29","slug":"fotos","status":"publish","type":"product","link":"https:\/\/nefele.dev\/shop\/producto\/fotos\/","title":{"rendered":"Fotos"},"content":{"rendered":"<p>Control que nos permite realizar fotos directamente desde nuestra aplicaci\u00f3n nefele tanto desde la webcam como desde el tel\u00e9fono m\u00f3vil<\/p>\n","protected":false},"excerpt":{"rendered":"<p>Control que nos permite realizar fotos directamente desde nuestra aplicaci\u00f3n nefele tanto desde la webcam como desde el tel\u00e9fono m\u00f3vil<\/p>\n","protected":false},"featured_media":477,"comment_status":"open","ping_status":"closed","template":"","meta":[],"_links":{"self":[{"href":"https:\/\/nefele.dev\/shop\/wp-json\/wp\/v2\/product\/472"}],"collection":[{"href":"https:\/\/nefele.dev\/shop\/wp-json\/wp\/v2\/product"}],"about":[{"href":"https:\/\/nefele.dev\/shop\/wp-json\/wp\/v2\/types\/product"}],"replies":[{"embeddable":true,"href":"https:\/\/nefele.dev\/shop\/wp-json\/wp\/v2\/comments?post=472"}],"wp:featuredmedia":[{"embeddable":true,"href":"https:\/\/nefele.dev\/shop\/wp-json\/wp\/v2\/media\/477"}],"wp:attachment":[{"href":"https:\/\/nefele.dev\/shop\/wp-json\/wp\/v2\/media?parent=472"}],"curies":[{"name":"wp","href":"https:\/\/api.w.org\/{rel}","templated":true}]}}