{"id":80,"date":"2020-08-22T19:28:36","date_gmt":"2020-08-22T19:28:36","guid":{"rendered":"https:\/\/nefele.dev\/shop\/?post_type=product&#038;p=80"},"modified":"2020-09-21T11:53:22","modified_gmt":"2020-09-21T11:53:22","slug":"suscripcion-pro","status":"publish","type":"product","link":"https:\/\/nefele.dev\/shop\/producto\/suscripcion-pro\/","title":{"rendered":"Suscripci\u00f3n Pro"},"content":{"rendered":"<p id=\"BjLSDYN\"><img loading=\"lazy\" class=\"alignnone wp-image-84 size-full\" src=\"https:\/\/nefele.dev\/shop\/wp-content\/uploads\/2020\/08\/img_5f417290a7ec4-e1600688387265.png\" alt=\"\" width=\"815\" height=\"609\" srcset=\"https:\/\/nefele.dev\/shop\/wp-content\/uploads\/2020\/08\/img_5f417290a7ec4-e1600688387265.png 815w, https:\/\/nefele.dev\/shop\/wp-content\/uploads\/2020\/08\/img_5f417290a7ec4-e1600688387265-300x224.png 300w, https:\/\/nefele.dev\/shop\/wp-content\/uploads\/2020\/08\/img_5f417290a7ec4-e1600688387265-768x574.png 768w, https:\/\/nefele.dev\/shop\/wp-content\/uploads\/2020\/08\/img_5f417290a7ec4-e1600688387265-600x448.png 600w\" sizes=\"(max-width: 815px) 100vw, 815px\" \/><\/p>\n<h6>(1) \u2013La suscripci\u00f3n estar\u00e1 asociada \u00fanicamente a una persona f\u00edsica o un empleado de la empresa<br \/>\n(2) \u2013 Solo para contrataci\u00f3n anual<br \/>\n(3) \u2013 No se podr\u00e1 repetir un curso ya realizado<\/h6>\n<p>Los descuentos y condiciones de sus suscripci\u00f3n pueden tardar hasta dos d\u00edas en aplicarse.<br \/>\nLe avisaremos por correo electr\u00f3nico cuando una vez est\u00e9n activadas<\/p>\n<p>&nbsp;<\/p>\n","protected":false},"excerpt":{"rendered":"<p>(1) \u2013La suscripci\u00f3n estar\u00e1 asociada \u00fanicamente a una persona f\u00edsica o un empleado de la empresa (2) \u2013 Solo para contrataci\u00f3n anual (3) \u2013 No se podr\u00e1 repetir un curso ya realizado Los descuentos y&#8230;<\/p>\n","protected":false},"featured_media":84,"comment_status":"open","ping_status":"closed","template":"","meta":[],"_links":{"self":[{"href":"https:\/\/nefele.dev\/shop\/wp-json\/wp\/v2\/product\/80"}],"collection":[{"href":"https:\/\/nefele.dev\/shop\/wp-json\/wp\/v2\/product"}],"about":[{"href":"https:\/\/nefele.dev\/shop\/wp-json\/wp\/v2\/types\/product"}],"replies":[{"embeddable":true,"href":"https:\/\/nefele.dev\/shop\/wp-json\/wp\/v2\/comments?post=80"}],"wp:featuredmedia":[{"embeddable":true,"href":"https:\/\/nefele.dev\/shop\/wp-json\/wp\/v2\/media\/84"}],"wp:attachment":[{"href":"https:\/\/nefele.dev\/shop\/wp-json\/wp\/v2\/media?parent=80"}],"curies":[{"name":"wp","href":"https:\/\/api.w.org\/{rel}","templated":true}]}}