{"id":98,"date":"2020-08-22T19:45:44","date_gmt":"2020-08-22T19:45:44","guid":{"rendered":"https:\/\/nefele.dev\/shop\/?post_type=product&#038;p=98"},"modified":"2020-10-19T13:40:49","modified_gmt":"2020-10-19T13:40:49","slug":"bono5","status":"publish","type":"product","link":"https:\/\/nefele.dev\/shop\/producto\/bono5\/","title":{"rendered":"Bono Consultor\u00eda personalizada"},"content":{"rendered":"<div id=\"Hkhcyxj\" style=\"text-align: center; font-size: 28px;\"><strong>Bono de consultor\u00eda online personalizada v\u00eda Skype o TeamViewer<\/strong><\/div>\n<p style=\"text-align: center;\">\u00bfNecesitas ayuda para empezar o desarrollar tu proyecto en N\u00e9fele?<br \/>\n\u00bfQuieres recibir soporte t\u00e9cnico personalizado o clases particulares?<\/p>\n<p>&nbsp;<\/p>\n<p>Si necesitas <strong>ayuda profesional avanzada<\/strong> para introducirte en la programaci\u00f3n web con N\u00e9fele, \u00abun empuj\u00f3n\u00bb para iniciar un nuevo proyecto, o tienes problemas para desarrollar tus aplicaciones N\u00e9fele, con nuestro servicio de consultor\u00eda tienes<strong> acceso directo al equipo de desarrolladores de N\u00e9fele para darte la soluci\u00f3n adecuada.<\/strong><\/p>\n<p>El servicio de consultor\u00eda online personalizada se ofrece a trav\u00e9s de Skype ( o TeamViewer, o similares ) y en \u00e9l, uno de los integrantes del equipo de desarrollo de N\u00e9fele se pondr\u00e1 en <strong>contacto directo contigo<\/strong> para explicarte todas las dudas que te puedan surgir para usar nuestra herramienta, solucionar problemas, ayudarte en el an\u00e1lisis y dise\u00f1o de la aplicaci\u00f3n, o <strong>para echarte una mano<\/strong>\u00a0 en la creaci\u00f3n de funciones JavaScript y adaptaci\u00f3n de los controles N\u00e9fele seg\u00fan tus necesidades.<\/p>\n<p>Con nuestro bono de consultor\u00eda<strong>, tendr\u00e1s la tranquilidad de poder contar con la ayuda\u00a0 directa de los desarrolladores de\u00a0 N\u00e9fele<\/strong> para sacar adenlante tu proyecto web :<\/p>\n<ul>\n<li>Instalaci\u00f3n y configuraci\u00f3n de N\u00e9fele, Apache y Mysql<\/li>\n<li>Ayuda en la selecci\u00f3n y configuraci\u00f3n del proveedor de Internet<\/li>\n<li>Formaci\u00f3n personalizada<\/li>\n<li>An\u00e1lisis del proyecto desde el punto de vista de una aplicaci\u00f3n Web<\/li>\n<li>Ayuda en la creaci\u00f3n de la estructura de la aplicaci\u00f3n y\/o bases de datos<\/li>\n<li>Programaci\u00f3n avanzada en Html, Css y JavaScript<\/li>\n<li>Modificaci\u00f3n y adaptaci\u00f3n de controles ya existentes<\/li>\n<li>Dise\u00f1o de nuevos controles personalizados<\/li>\n<li>Consejos para el cumplimiento de la Ley de Protecci\u00f3n de Datos en tus aplicaciones<\/li>\n<li>Posicionamiento de tu aplicaci\u00f3n en buscadores (Google, Bing, etc&#8230;)<\/li>\n<\/ul>\n<p>&nbsp;<\/p>\n<p>Puedes complementar tus Bonos de consultor\u00eda con nuestros <a href=\"https:\/\/nefele.dev\/tienda\/categoria-producto\/cursos\/\">cursos de formaci\u00f3n<\/a> y nuestros<a href=\"https:\/\/nefele.dev\/tienda\/producto\/suscripcion-pro\/\"> planes de mantenimiento <\/a>\u00a0que incluyen interesantes descuentos al contratar el resto de nuestros servicios<\/p>\n<p><em style=\"font-size: 12px;\">Las sesiones online tendr\u00e1n una duraci\u00f3n m\u00ednima de 30 Minutos y una duraci\u00f3n m\u00e1xima de 3 horas y tendr\u00e1n que ser previamente concertadas por email con nuestro equipo de asistencia.<\/em><br \/>\n<em style=\"font-size: 12px;\">Los bonos no tienen caducidad, siendo posible usarlos cuando se necesiten.<\/em><br \/>\n<em style=\"font-size: 12px;\">En caso de requerir asistencia urgente, o en fines de semana y festivos, pueden generarse costes adicionales.<\/em><\/p>\n","protected":false},"excerpt":{"rendered":"<p>Bono de consultor\u00eda online personalizada v\u00eda Skype o TeamViewer<\/p>\n","protected":false},"featured_media":143,"comment_status":"closed","ping_status":"closed","template":"","meta":[],"_links":{"self":[{"href":"https:\/\/nefele.dev\/shop\/wp-json\/wp\/v2\/product\/98"}],"collection":[{"href":"https:\/\/nefele.dev\/shop\/wp-json\/wp\/v2\/product"}],"about":[{"href":"https:\/\/nefele.dev\/shop\/wp-json\/wp\/v2\/types\/product"}],"replies":[{"embeddable":true,"href":"https:\/\/nefele.dev\/shop\/wp-json\/wp\/v2\/comments?post=98"}],"wp:featuredmedia":[{"embeddable":true,"href":"https:\/\/nefele.dev\/shop\/wp-json\/wp\/v2\/media\/143"}],"wp:attachment":[{"href":"https:\/\/nefele.dev\/shop\/wp-json\/wp\/v2\/media?parent=98"}],"curies":[{"name":"wp","href":"https:\/\/api.w.org\/{rel}","templated":true}]}}