{"id":326,"date":"2020-09-20T17:13:57","date_gmt":"2020-09-20T17:13:57","guid":{"rendered":"https:\/\/nefele.dev\/tienda\/?post_type=product&#038;p=326"},"modified":"2020-10-19T13:49:29","modified_gmt":"2020-10-19T13:49:29","slug":"curso-basico-apache-3-horas","status":"publish","type":"product","link":"https:\/\/nefele.dev\/tienda\/producto\/curso-basico-apache-3-horas\/","title":{"rendered":"Curso b\u00e1sico Apache (3 Horas)"},"content":{"rendered":"<p><strong>PROXIMO CURSO:\u00a0<\/strong><\/p>\n<p><strong><br \/>\n<\/strong><strong>\u00a0 \u00a0 \u00a0 \u00a0 \u00a0Para la realizaci\u00f3n del curso se requerir\u00e1 un m\u00ednimo de 4 asistentes y un m\u00e1ximo de 8<\/strong><\/p>\n<p>&nbsp;<\/p>\n<p>Al finalizar el curso ser\u00e1s capaz de instalar apache en tu ordenador, activar el certificado https correspondiente a tu dominio y configurar los par\u00e1metros b\u00e1sicos del servidor para poder ejecutar en \u00e9l aplicaciones N\u00e9fele<\/p>\n<p>&nbsp;<\/p>\n<p>&nbsp;<\/p>\n<p id=\"gjVUeZh\">\n","protected":false},"excerpt":{"rendered":"<p>Aprende a configurar tu servidor Apache desde cero y a instalar un certificado https en tu servidor<\/p>\n","protected":false},"featured_media":329,"comment_status":"open","ping_status":"closed","template":"","meta":[],"_links":{"self":[{"href":"https:\/\/nefele.dev\/tienda\/wp-json\/wp\/v2\/product\/326"}],"collection":[{"href":"https:\/\/nefele.dev\/tienda\/wp-json\/wp\/v2\/product"}],"about":[{"href":"https:\/\/nefele.dev\/tienda\/wp-json\/wp\/v2\/types\/product"}],"replies":[{"embeddable":true,"href":"https:\/\/nefele.dev\/tienda\/wp-json\/wp\/v2\/comments?post=326"}],"wp:featuredmedia":[{"embeddable":true,"href":"https:\/\/nefele.dev\/tienda\/wp-json\/wp\/v2\/media\/329"}],"wp:attachment":[{"href":"https:\/\/nefele.dev\/tienda\/wp-json\/wp\/v2\/media?parent=326"}],"curies":[{"name":"wp","href":"https:\/\/api.w.org\/{rel}","templated":true}]}}