{"id":362,"date":"2020-10-30T11:41:55","date_gmt":"2020-10-30T11:41:55","guid":{"rendered":"https:\/\/nefele.dev\/tienda\/?post_type=product&#038;p=362"},"modified":"2020-10-30T13:36:46","modified_gmt":"2020-10-30T13:36:46","slug":"suscripcion-promo","status":"publish","type":"product","link":"https:\/\/nefele.dev\/tienda\/producto\/suscripcion-promo\/","title":{"rendered":"Suscripci\u00f3n Promo"},"content":{"rendered":"<p id=\"eLkCDSk\">\n<p>Los descuentos y condiciones de sus suscripci\u00f3n pueden tardar hasta dos d\u00edas en aplicarse.<br \/>\nLe avisaremos por correo electr\u00f3nico cuando una vez est\u00e9n activadas<\/p>\n<p>&nbsp;<\/p>\n","protected":false},"excerpt":{"rendered":"<p>\u00a1Aprobecha nuestra oferta de lanzamiento!<\/p>\n<p>Por tiempo limitado, activamos nuestro mantenimiento Promo N\u00e9fele que te dar\u00e1 acceso a nuestro foro premium que te asegura una respuesta segura de los desarrolladores de N\u00e9fele a tus dudas, actualizaciones mensuales de la librer\u00eda N\u00e9fele, 2 horas mensuales de consultor\u00eda compartida con otros usuarios a trav\u00e9s de Skype y descuentos en los cursos de formaci\u00f3n, todo ello a un precio muy ajustado.<\/p>\n<p>&nbsp;<\/p>\n","protected":false},"featured_media":365,"comment_status":"open","ping_status":"closed","template":"","meta":[],"_links":{"self":[{"href":"https:\/\/nefele.dev\/tienda\/wp-json\/wp\/v2\/product\/362"}],"collection":[{"href":"https:\/\/nefele.dev\/tienda\/wp-json\/wp\/v2\/product"}],"about":[{"href":"https:\/\/nefele.dev\/tienda\/wp-json\/wp\/v2\/types\/product"}],"replies":[{"embeddable":true,"href":"https:\/\/nefele.dev\/tienda\/wp-json\/wp\/v2\/comments?post=362"}],"wp:featuredmedia":[{"embeddable":true,"href":"https:\/\/nefele.dev\/tienda\/wp-json\/wp\/v2\/media\/365"}],"wp:attachment":[{"href":"https:\/\/nefele.dev\/tienda\/wp-json\/wp\/v2\/media?parent=362"}],"curies":[{"name":"wp","href":"https:\/\/api.w.org\/{rel}","templated":true}]}}